{"id":3612,"date":"2025-08-17T23:33:44","date_gmt":"2025-08-17T21:33:44","guid":{"rendered":"https:\/\/chezema.com\/about\/"},"modified":"2025-10-27T17:13:56","modified_gmt":"2025-10-27T15:13:56","slug":"about","status":"publish","type":"page","link":"https:\/\/chezema.com\/fr\/about\/","title":{"rendered":"A propos de"},"content":{"rendered":"<div data-elementor-type=\"wp-page\" data-elementor-id=\"3612\" class=\"elementor elementor-3612\">\n\t\t\t\t\t\t<section class=\"elementor-section elementor-top-section elementor-element elementor-element-9dq4ae6 elementor-section-boxed elementor-section-height-default elementor-section-height-default\" data-id=\"9dq4ae6\" data-element_type=\"section\" data-e-type=\"section\">\n\t\t\t\t\t\t<div class=\"elementor-container elementor-column-gap-no\">\n\t\t\t\t\t<div class=\"elementor-column elementor-col-100 elementor-top-column elementor-element elementor-element-8f7ba64\" data-id=\"8f7ba64\" data-element_type=\"column\" data-e-type=\"column\">\n\t\t\t<div class=\"elementor-widget-wrap elementor-element-populated\">\n\t\t\t\t\t\t<div class=\"elementor-element elementor-element-df9ab49 elementor-widget elementor-widget-image\" data-id=\"df9ab49\" data-element_type=\"widget\" data-e-type=\"widget\" data-widget_type=\"image.default\">\n\t\t\t\t<div class=\"elementor-widget-container\">\n\t\t\t\t\t\t\t\t\t\t\t\t\t\t\t<img decoding=\"async\" width=\"300\" height=\"140\" src=\"https:\/\/chezema.com\/wp-content\/uploads\/2025\/08\/cropped-chez-ema.png\" class=\"attachment-medium size-medium wp-image-1674\" alt=\"Egyptian handmade accessories \u2013 pharaonic style necklace\" srcset=\"https:\/\/chezema.com\/wp-content\/uploads\/2025\/08\/cropped-chez-ema-300x140.png 300w, https:\/\/chezema.com\/wp-content\/uploads\/2025\/08\/cropped-chez-ema-1024x478.png 1024w, https:\/\/chezema.com\/wp-content\/uploads\/2025\/08\/cropped-chez-ema-768x358.png 768w, https:\/\/chezema.com\/wp-content\/uploads\/2025\/08\/cropped-chez-ema-18x8.png 18w, https:\/\/chezema.com\/wp-content\/uploads\/2025\/08\/cropped-chez-ema-600x280.png 600w, https:\/\/chezema.com\/wp-content\/uploads\/2025\/08\/cropped-chez-ema-120x56.png 120w, https:\/\/chezema.com\/wp-content\/uploads\/2025\/08\/cropped-chez-ema.png 1492w\" sizes=\"(max-width: 300px) 100vw, 300px\" \/>\t\t\t\t\t\t\t\t\t\t\t\t\t\t\t<\/div>\n\t\t\t\t<\/div>\n\t\t\t\t<div class=\"elementor-element elementor-element-4758912 elementor-widget elementor-widget-html\" data-id=\"4758912\" data-element_type=\"widget\" data-e-type=\"widget\" data-widget_type=\"html.default\">\n\t\t\t\t<div class=\"elementor-widget-container\">\n\t\t\t\t\t\r\n\r\n\r\n<section id=\"about-chez-ema\" style=\"padding: 40px; max-width: 900px; margin: auto; line-height: 1.9; font-family: 'Cormorant Garamond', serif; color: #3c2f2f; font-size: 18px;\">\r\n\r\n  <h2 style=\"text-align: center; color: #6b0f1a; font-size: 2em;\">Bienvenue chez Ema - L\u00e0 o\u00f9 l'\u00c9gypte vit dans les moindres d\u00e9tails<\/h2>\r\n  <p>Vous ne faites pas que du shopping.<br>\r\n  Vous vous connectez \u00e0 l'esprit d'une civilisation qui a chang\u00e9 le monde.<\/p>\r\n  <p>Chaque pi\u00e8ce que vous voyez ici est plus qu'un produit - c'est un battement de c\u0153ur de l'histoire \u00e9gyptienne, qui rena\u00eet gr\u00e2ce \u00e0 l'\u00e9l\u00e9gance moderne et qui est con\u00e7u pour ceux qui appr\u00e9cient le sens, la beaut\u00e9 et l'h\u00e9ritage.<\/p>\r\n\r\n  <hr style=\"margin: 40px 0; border: 0; border-top: 1px solid #cbb89d;\">\r\n\r\n  <h2 style=\"color: #6b0f1a;\">\u00c0 PROPOS DE CHEZ EMA - Notre histoire, votre patrimoine<\/h2>\r\n  <p>Pour moi, l'\u00c9gypte a toujours \u00e9t\u00e9 plus qu'un simple lieu - c'est une \u00e2me vivante remplie de couleurs, de symboles, de sagesse ancestrale et de beaut\u00e9 intemporelle.<\/p>\r\n  <p>En grandissant au milieu des papyrus, de l'artisanat b\u00e9douin et de l'h\u00e9ritage de l'\u00c9gypte ancienne, je n'ai pas seulement admir\u00e9 ces tr\u00e9sors, je les ai v\u00e9cus. Et c'est \u00e0 partir de ce lien profond que j'ai appris \u00e0 conna\u00eetre l'\u00c9gypte, <strong>Chez Ema<\/strong> est n\u00e9e : une marque qui fait d\u00e9couvrir l'essence de l'\u00c9gypte au monde entier avec \u00e9l\u00e9gance, authenticit\u00e9 et sens.<\/p>\r\n\r\n  <hr style=\"margin: 40px 0; border: 0; border-top: 1px solid #cbb89d;\">\r\n\r\n  <h2 style=\"color: #6b0f1a;\">Chaque pi\u00e8ce a une \u00e2me<\/h2>\r\n  <p>Nos collections ne sont pas de simples accessoires ou d\u00e9corations - ce sont des histoires faites \u00e0 la main avec c\u0153ur.<\/p>\r\n  <p>Inspir\u00e9e par la royaut\u00e9 de l'\u00c9gypte ancienne, les traditions b\u00e9douines et les symboles sacr\u00e9s, chaque cr\u00e9ation est con\u00e7ue pour faire entrer l'histoire dans la vie moderne d'une mani\u00e8re que vous pouvez ressentir, porter et qui fait fi\u00e8rement partie de votre identit\u00e9.<\/p>\r\n\r\n  <hr style=\"margin: 40px 0; border: 0; border-top: 1px solid #cbb89d;\">\r\n\r\n  <h2 style=\"color: #6b0f1a;\">Faire revivre le patrimoine avec une \u00e9l\u00e9gance moderne<\/h2>\r\n  <p>Qu'il s'agisse de laiton plaqu\u00e9 or fabriqu\u00e9 \u00e0 la main, d'\u0153uvres d'art originales sur papyrus ou de mode culturelle contemporaine, chaque article est un pont entre le pass\u00e9 et le pr\u00e9sent, vous permettant de poss\u00e9der un morceau de l'esprit de l'\u00c9gypte sous une forme raffin\u00e9e et intemporelle.<\/p>\r\n\r\n  <hr style=\"margin: 40px 0; border: 0; border-top: 1px solid #cbb89d;\">\r\n\r\n  <h2 style=\"color: #6b0f1a;\">Notre mission<\/h2>\r\n  <p>Rendre le patrimoine \u00e9gyptien accessible, significatif et inoubliable - pas seulement pour \u00eatre vu, mais pour \u00eatre ressenti profond\u00e9ment et v\u00e9cu au quotidien.<\/p>\r\n  <p><strong>\u00c0 vous de jouer<\/strong> d'emporter avec soi un morceau de l'\u00e2me de l'\u00c9gypte.<br>\r\n  <strong>D\u00e9couvrez notre collection<\/strong> et trouver le tr\u00e9sor qui correspond \u00e0 votre histoire.<\/p>\r\n\r\n<\/section>\r\n\t\t\t\t<\/div>\n\t\t\t\t<\/div>\n\t\t\t\t<div class=\"elementor-element elementor-element-234ccd0 elementor-widget elementor-widget-testimonial\" data-id=\"234ccd0\" data-element_type=\"widget\" data-e-type=\"widget\" data-widget_type=\"testimonial.default\">\n\t\t\t\t<div class=\"elementor-widget-container\">\n\t\t\t\t\t\t\t<div class=\"elementor-testimonial-wrapper\">\n\t\t\t\n\t\t\t\t\t\t<div class=\"elementor-testimonial-meta elementor-has-image elementor-testimonial-image-position-top\">\n\t\t\t\t<div class=\"elementor-testimonial-meta-inner\">\n\t\t\t\t\t\t\t\t\t\t\t<div class=\"elementor-testimonial-image\">\n\t\t\t\t\t\t\t<img fetchpriority=\"high\" decoding=\"async\" width=\"667\" height=\"787\" src=\"https:\/\/chezema.com\/wp-content\/uploads\/2025\/10\/1e5467aa-4dfb-43f2-8cd7-d1f786ad3342.webp\" class=\"attachment-full size-full wp-image-5940\" alt=\"1e5467aa 4dfb 43f2 8cd7 d1f786ad3342\" srcset=\"https:\/\/chezema.com\/wp-content\/uploads\/2025\/10\/1e5467aa-4dfb-43f2-8cd7-d1f786ad3342.webp 667w, https:\/\/chezema.com\/wp-content\/uploads\/2025\/10\/1e5467aa-4dfb-43f2-8cd7-d1f786ad3342-254x300.webp 254w, https:\/\/chezema.com\/wp-content\/uploads\/2025\/10\/1e5467aa-4dfb-43f2-8cd7-d1f786ad3342-600x708.webp 600w\" sizes=\"(max-width: 667px) 100vw, 667px\" \/>\t\t\t\t\t\t<\/div>\n\t\t\t\t\t\n\t\t\t\t\t\t\t\t\t\t<div class=\"elementor-testimonial-details\">\n\t\t\t\t\t\t\t\t\t\t\t\t\t\t<div class=\"elementor-testimonial-name\">Eman Soliman<\/div>\n\t\t\t\t\t\t\t\t\t\t\t\t\t\t\t\t\t\t\t\t\t\t<div class=\"elementor-testimonial-job\">PDG<\/div>\n\t\t\t\t\t\t\t\t\t\t\t\t\t<\/div>\n\t\t\t\t\t\t\t\t\t<\/div>\n\t\t\t<\/div>\n\t\t\t\t\t<\/div>\n\t\t\t\t\t\t<\/div>\n\t\t\t\t<\/div>\n\t\t\t\t<div class=\"elementor-element elementor-element-5b2dfb8 elementor-align-center elementor-widget elementor-widget-button\" data-id=\"5b2dfb8\" data-element_type=\"widget\" data-e-type=\"widget\" data-widget_type=\"button.default\">\n\t\t\t\t<div class=\"elementor-widget-container\">\n\t\t\t\t\t\t\t\t\t<div class=\"elementor-button-wrapper\">\n\t\t\t\t\t<a class=\"elementor-button elementor-button-link elementor-size-sm\" href=\"https:\/\/chezema.com\/fr\/shop\/\">\n\t\t\t\t\t\t<span class=\"elementor-button-content-wrapper\">\n\t\t\t\t\t\t\t\t\t<span class=\"elementor-button-text\">d\u00e9couvrez notre collection<\/span>\n\t\t\t\t\t<\/span>\n\t\t\t\t\t<\/a>\n\t\t\t\t<\/div>\n\t\t\t\t\t\t\t\t<\/div>\n\t\t\t\t<\/div>\n\t\t\t\t\t<\/div>\n\t\t<\/div>\n\t\t\t\t\t<\/div>\n\t\t<\/section>\n\t\t\t\t<\/div>","protected":false},"excerpt":{"rendered":"<p>Welcome to Chez Ema \u2013 Where Egypt Lives in Every Detail You\u2019re not just shopping. You\u2019re connecting with the spirit of a civilization that changed the world. Every piece you see here is more than a product \u2014 it\u2019s a heartbeat of Egyptian history, reborn through modern elegance and crafted for those who appreciate meaning, [&hellip;]<\/p>","protected":false},"author":1,"featured_media":0,"parent":0,"menu_order":0,"comment_status":"closed","ping_status":"closed","template":"","meta":{"_uag_custom_page_level_css":"","site-sidebar-layout":"no-sidebar","site-content-layout":"plain-container","ast-site-content-layout":"full-width-container","site-content-style":"unboxed","site-sidebar-style":"unboxed","ast-global-header-display":"","ast-banner-title-visibility":"","ast-main-header-display":"","ast-hfb-above-header-display":"","ast-hfb-below-header-display":"","ast-hfb-mobile-header-display":"","site-post-title":"disabled","ast-breadcrumbs-content":"","ast-featured-img":"disabled","footer-sml-layout":"","ast-disable-related-posts":"","theme-transparent-header-meta":"disabled","adv-header-id-meta":"","stick-header-meta":"","header-above-stick-meta":"","header-main-stick-meta":"","header-below-stick-meta":"","astra-migrate-meta-layouts":"set","ast-page-background-enabled":"default","ast-page-background-meta":{"desktop":{"background-color":"","background-image":"","background-repeat":"repeat","background-position":"center center","background-size":"auto","background-attachment":"scroll","background-type":"","background-media":"","overlay-type":"","overlay-color":"","overlay-opacity":"","overlay-gradient":""},"tablet":{"background-color":"","background-image":"","background-repeat":"repeat","background-position":"center center","background-size":"auto","background-attachment":"scroll","background-type":"","background-media":"","overlay-type":"","overlay-color":"","overlay-opacity":"","overlay-gradient":""},"mobile":{"background-color":"","background-image":"","background-repeat":"repeat","background-position":"center center","background-size":"auto","background-attachment":"scroll","background-type":"","background-media":"","overlay-type":"","overlay-color":"","overlay-opacity":"","overlay-gradient":""}},"ast-content-background-meta":{"desktop":{"background-color":"var(--ast-global-color-5)","background-image":"","background-repeat":"repeat","background-position":"center center","background-size":"auto","background-attachment":"scroll","background-type":"","background-media":"","overlay-type":"","overlay-color":"","overlay-opacity":"","overlay-gradient":""},"tablet":{"background-color":"var(--ast-global-color-5)","background-image":"","background-repeat":"repeat","background-position":"center center","background-size":"auto","background-attachment":"scroll","background-type":"","background-media":"","overlay-type":"","overlay-color":"","overlay-opacity":"","overlay-gradient":""},"mobile":{"background-color":"var(--ast-global-color-5)","background-image":"","background-repeat":"repeat","background-position":"center center","background-size":"auto","background-attachment":"scroll","background-type":"","background-media":"","overlay-type":"","overlay-color":"","overlay-opacity":"","overlay-gradient":""}},"footnotes":""},"class_list":["post-3612","page","type-page","status-publish","hentry"],"aioseo_notices":[],"uagb_featured_image_src":{"full":false,"thumbnail":false,"medium":false,"medium_large":false,"large":false,"1536x1536":false,"2048x2048":false,"trp-custom-language-flag":false,"woocommerce_thumbnail":false,"woocommerce_single":false,"woocommerce_gallery_thumbnail":false},"uagb_author_info":{"display_name":"Aya Mohye","author_link":"https:\/\/chezema.com\/fr\/author\/ayamohye000gmail-com\/"},"uagb_comment_info":0,"uagb_excerpt":"Welcome to Chez Ema \u2013 Where Egypt Lives in Every Detail You\u2019re not just shopping. You\u2019re connecting with the spirit of a civilization that changed the world. Every piece you see here is more than a product \u2014 it\u2019s a heartbeat of Egyptian history, reborn through modern elegance and crafted for those who appreciate meaning,\u2026","_links":{"self":[{"href":"https:\/\/chezema.com\/fr\/wp-json\/wp\/v2\/pages\/3612","targetHints":{"allow":["GET"]}}],"collection":[{"href":"https:\/\/chezema.com\/fr\/wp-json\/wp\/v2\/pages"}],"about":[{"href":"https:\/\/chezema.com\/fr\/wp-json\/wp\/v2\/types\/page"}],"author":[{"embeddable":true,"href":"https:\/\/chezema.com\/fr\/wp-json\/wp\/v2\/users\/1"}],"replies":[{"embeddable":true,"href":"https:\/\/chezema.com\/fr\/wp-json\/wp\/v2\/comments?post=3612"}],"version-history":[{"count":56,"href":"https:\/\/chezema.com\/fr\/wp-json\/wp\/v2\/pages\/3612\/revisions"}],"predecessor-version":[{"id":6412,"href":"https:\/\/chezema.com\/fr\/wp-json\/wp\/v2\/pages\/3612\/revisions\/6412"}],"wp:attachment":[{"href":"https:\/\/chezema.com\/fr\/wp-json\/wp\/v2\/media?parent=3612"}],"curies":[{"name":"wp","href":"https:\/\/api.w.org\/{rel}","templated":true}]}}